{"id":9733,"date":"2018-05-24T09:36:45","date_gmt":"2018-05-24T07:36:45","guid":{"rendered":"https:\/\/www.parkinsonysalud.com\/politica-de-privacidad\/"},"modified":"2025-12-16T11:44:25","modified_gmt":"2025-12-16T09:44:25","slug":"privacy-policy","status":"publish","type":"page","link":"https:\/\/www.parkinsonysalud.com\/en\/privacy-policy\/","title":{"rendered":"Privacy Policy"},"content":{"rendered":"\t\t<div data-elementor-type=\"wp-page\" data-elementor-id=\"9733\" class=\"elementor elementor-9733 elementor-1848\" data-elementor-post-type=\"page\">\n\t\t\t\t<div class=\"elementor-element elementor-element-58bed1bb e-con-full e-flex e-con e-parent\" data-id=\"58bed1bb\" data-element_type=\"container\" data-e-type=\"container\" data-settings=\"{&quot;background_background&quot;:&quot;classic&quot;}\">\n\t\t<div class=\"elementor-element elementor-element-dd3c45f e-con-full e-flex e-con e-child\" data-id=\"dd3c45f\" data-element_type=\"container\" data-e-type=\"container\">\n\t\t<div class=\"elementor-element elementor-element-10717737 e-con-full e-flex e-con e-child\" data-id=\"10717737\" data-element_type=\"container\" data-e-type=\"container\">\n\t\t<div class=\"elementor-element elementor-element-187381b9 e-con-full e-flex e-con e-child\" data-id=\"187381b9\" data-element_type=\"container\" data-e-type=\"container\">\n\t\t\t\t<div class=\"elementor-element elementor-element-7c8d2981 elementor-widget elementor-widget-heading\" data-id=\"7c8d2981\" data-element_type=\"widget\" data-e-type=\"widget\" data-widget_type=\"heading.default\">\n\t\t\t\t<div class=\"elementor-widget-container\">\n\t\t\t\t\t<h1 class=\"elementor-heading-title elementor-size-default\">Privacy Policy<\/h1>\t\t\t\t<\/div>\n\t\t\t\t<\/div>\n\t\t\t\t<\/div>\n\t\t\t\t<\/div>\n\t\t\t\t<\/div>\n\t\t\t\t<\/div>\n\t\t<div class=\"elementor-element elementor-element-73ae9716 e-flex e-con-boxed e-con e-parent\" data-id=\"73ae9716\" data-element_type=\"container\" data-e-type=\"container\" data-settings=\"{&quot;background_background&quot;:&quot;classic&quot;}\">\n\t\t\t\t\t<div class=\"e-con-inner\">\n\t\t<div class=\"elementor-element elementor-element-6aa81378 e-con-full e-flex e-con e-child\" data-id=\"6aa81378\" data-element_type=\"container\" data-e-type=\"container\">\n\t\t<div class=\"elementor-element elementor-element-19b86662 e-con-full e-flex e-con e-child\" data-id=\"19b86662\" data-element_type=\"container\" data-e-type=\"container\">\n\t\t<div class=\"elementor-element elementor-element-37c83555 e-con-full e-flex e-con e-child\" data-id=\"37c83555\" data-element_type=\"container\" data-e-type=\"container\">\n\t\t\t\t<div class=\"elementor-element elementor-element-325afbf4 elementor-widget__width-auto elementor-widget-divider--view-line elementor-widget elementor-widget-divider\" data-id=\"325afbf4\" data-element_type=\"widget\" data-e-type=\"widget\" data-widget_type=\"divider.default\">\n\t\t\t\t<div class=\"elementor-widget-container\">\n\t\t\t\t\t\t\t<div class=\"elementor-divider\">\n\t\t\t<span class=\"elementor-divider-separator\">\n\t\t\t\t\t\t<\/span>\n\t\t<\/div>\n\t\t\t\t\t\t<\/div>\n\t\t\t\t<\/div>\n\t\t\t\t<\/div>\n\t\t\t\t<\/div>\n\t\t\t\t<\/div>\n\t\t\t\t\t<\/div>\n\t\t\t\t<\/div>\n\t\t<div class=\"elementor-element elementor-element-213aa0a4 e-flex e-con-boxed e-con e-parent\" data-id=\"213aa0a4\" data-element_type=\"container\" data-e-type=\"container\">\n\t\t\t\t\t<div class=\"e-con-inner\">\n\t\t\t\t<div class=\"elementor-element elementor-element-4df04f66 elementor-widget elementor-widget-text-editor\" data-id=\"4df04f66\" data-element_type=\"widget\" data-e-type=\"widget\" data-widget_type=\"text-editor.default\">\n\t\t\t\t<div class=\"elementor-widget-container\">\n\t\t\t\t\t\t\t\t\t<strong>1. USER INFORMATION<\/strong>\r\n\r\n<strong>Who is the controller of your personal data?<\/strong>\r\n\r\n<strong>Centro de Medicina Neuro-Regenerativa S.L.<\/strong> is the CONTROLLER of the processing of the user&#8217;s personal data and informs you that this data will be processed in accordance with the provisions of Regulation (EU) 2016\/679, of April 27 (GDPR), and Organic Law 3\/2018, of December 5 (LOPDGDD).\r\n\r\n<strong>Why do we process your personal data and what is the basis for doing so?<\/strong>\r\n\r\nDepending on the form from which we obtained your personal data, we will process it confidentially to achieve the following purposes:\r\n\r\nIn the <b>Contact<\/b> form\r\n<ul>\r\n \t<li>To respond to inquiries or any type of request made by the user through any of the contact methods made available on the responsible party&#8217;s website. <i>(Based on the legitimate interest of the controller, Art. 6.1.f GDPR)<\/i><\/li>\r\n \t<li>To send commercial advertising communications by e-mail, fax, SMS, MMS, social networks, or any other electronic or physical means, present or future, that makes commercial communications possible. These communications will be carried out by the controller and will be related to its products and services, or those of its collaborators or suppliers, with whom it has reached a promotional agreement. In this case, third parties will never have access to personal data. <i>(Based on the consent of the interested party, 6.1.a GDPR)<\/i>  <\/li>\r\n \t<li>To carry out statistical analyses and market studies. <i>(Based on the legitimate interest of the controller, Art. 6.1.f GDPR)<\/i><\/li>\r\n<\/ul>\r\n<h2>In the<b> Contact<\/b> form<\/h2>\r\n<ul>\r\n \t<li>To respond to inquiries or any type of request made by the user through any of the contact methods made available on the responsible party&#8217;s website. <i>(Based on the legitimate interest of the controller, Art. 6.1.f GDPR)<\/i><\/li>\r\n \t<li>To send commercial advertising communications by e-mail, fax, SMS, MMS, social networks, or any other electronic or physical means, present or future, that makes commercial communications possible. These communications will be carried out by the controller and will be related to its products and services, or those of its collaborators or suppliers, with whom it has reached a promotional agreement. In this case, third parties will never have access to personal data. <i>(Based on the consent of the interested party, 6.1.a GDPR)<\/i>  <\/li>\r\n \t<li>To carry out statistical analyses and market studies. <i>(Based on the legitimate interest of the controller, Art. 6.1.f GDPR)<\/i><\/li>\r\n<\/ul>\r\n&nbsp;\r\n\r\n<strong>How long will we keep your personal data?<\/strong>\r\n\r\nThey will be retained for no longer than is necessary to maintain the purpose of the processing or until legal provisions dictate their custody. When they are no longer necessary for this purpose, they will be suppressed using appropriate security measures to guarantee the anonymization or the total destruction of the data.\r\n\r\n<strong>To whom do we provide your personal data?<\/strong>\r\n\r\nNo communication of personal data to third parties is planned, except, if necessary for the development and execution of the processing purposes, to our service providers related to communications, with whom the CONTROLLER has signed the confidentiality and data processor contracts required by current privacy regulations.\r\n\r\n<strong>What are your rights?<\/strong>\r\n\r\nThe rights assisting the USER are:\r\n<ul>\r\n \t<li>Right to withdraw consent at any time.<\/li>\r\n \t<li>Right of access, rectification, portability, and erasure of your data, and the right to restriction or opposition to its processing.<\/li>\r\n \t<li>Right to file a complaint with the supervisory authority (www.aepd.es) if you consider that the processing does not comply with current regulations.<br><\/li>\r\n<\/ul>\r\n<strong>Contact information to exercise your rights:<\/strong>\r\n\r\nCentro de Medicina Neuro-Regenerativa S.L.. Calle La Floresta, 18 Bajo &#8211; 46022 Valencia (Val\u00e8ncia). E-mail: alfredo@weracu.org \r\n\r\n<strong>2. COMPULSORY OR OPTIONAL NATURE OF THE INFORMATION PROVIDED BY THE USER<\/strong>\r\n\r\nLos USUARIOS, mediante la marcaci\u00f3n de las casillas correspondientes y la entrada de datos en los campos, marcados con un asterisco (*) en el formulario de contacto o presentados en formularios de descarga, aceptan expresamente y de forma libre e inequ\u00edvoca, que sus datos son necesarios para atender su petici\u00f3n, por parte del prestador, siendo voluntaria la inclusi\u00f3n de datos en los campos restantes. El USUARIO garantiza que los datos personales facilitados al RESPONSABLE son veraces y se hace responsable de comunicar cualquier modificaci\u00f3n de los mismos. \r\n\r\nThe CONTROLLER informs that all data requested through the website are mandatory, as they are necessary for the provision of an optimal service to the USER. In the event that all data is not provided, there is no guarantee that the information and services provided will be completely adjusted to their needs. \r\n\r\n<strong>3. SECURITY MEASURES<\/strong>\r\n\r\nIn accordance with the provisions of current regulations on personal data protection, the CONTROLLER is complying with all the provisions of the GDPR and LOPDGDD regulations for the processing of the personal data under its responsibility, and manifestly with the principles described in Article 5 of the GDPR, by which data are processed lawfully, fairly, and transparently in relation to the interested party, and are adequate, relevant, and limited to what is necessary in relation to the purposes for which they are processed.\r\n\r\nThe CONTROLLER guarantees that it has implemented appropriate technical and organizational policies to apply the security measures established by the GDPR and the LOPDGDD in order to protect the rights and freedoms of the USERS and has communicated the adequate information so that they can exercise them.\r\n\r\nFor more information on privacy guarantees, you can contact the<b> <\/b>CONTROLLER through Centro de Medicina Neuro-Regenerativa S.L. Calle La Floresta, 18 Bajo \u2013 46022 Valencia (Val\u00e8ncia). E-mail: alfredo@weracu.org  \t\t\t\t\t\t\t\t<\/div>\n\t\t\t\t<\/div>\n\t\t\t\t\t<\/div>\n\t\t\t\t<\/div>\n\t\t<div class=\"elementor-element elementor-element-1ddccb7 e-flex e-con-boxed e-con e-parent\" data-id=\"1ddccb7\" data-element_type=\"container\" data-e-type=\"container\">\n\t\t\t\t\t<div class=\"e-con-inner\">\n\t\t\t\t<div class=\"elementor-element elementor-element-00390a5 elementor-widget-divider--view-line elementor-widget elementor-widget-divider\" data-id=\"00390a5\" data-element_type=\"widget\" data-e-type=\"widget\" data-widget_type=\"divider.default\">\n\t\t\t\t<div class=\"elementor-widget-container\">\n\t\t\t\t\t\t\t<div class=\"elementor-divider\">\n\t\t\t<span class=\"elementor-divider-separator\">\n\t\t\t\t\t\t<\/span>\n\t\t<\/div>\n\t\t\t\t\t\t<\/div>\n\t\t\t\t<\/div>\n\t\t\t\t\t<\/div>\n\t\t\t\t<\/div>\n\t\t\t\t<\/div>\n\t\t","protected":false},"excerpt":{"rendered":"<p>Privacy Policy 1. USER INFORMATION Who is the controller of your personal data? Centro de Medicina Neuro-Regenerativa S.L. is the CONTROLLER of the processing of the user&#8217;s personal data and informs you that this data will be processed in accordance with the provisions of Regulation (EU) 2016\/679, of April 27 (GDPR), and Organic Law 3\/2018, [&hellip;]<\/p>\n","protected":false},"author":1,"featured_media":0,"parent":0,"menu_order":0,"comment_status":"closed","ping_status":"closed","template":"elementor_header_footer","meta":{"site-sidebar-layout":"no-sidebar","site-content-layout":"","ast-site-content-layout":"normal-width-container","site-content-style":"default","site-sidebar-style":"default","ast-global-header-display":"","ast-banner-title-visibility":"","ast-main-header-display":"","ast-hfb-above-header-display":"","ast-hfb-below-header-display":"","ast-hfb-mobile-header-display":"","site-post-title":"","ast-breadcrumbs-content":"","ast-featured-img":"","footer-sml-layout":"","ast-disable-related-posts":"","theme-transparent-header-meta":"default","adv-header-id-meta":"","stick-header-meta":"default","header-above-stick-meta":"","header-main-stick-meta":"","header-below-stick-meta":"","astra-migrate-meta-layouts":"set","ast-page-background-enabled":"default","ast-page-background-meta":{"desktop":{"background-color":"","background-image":"","background-repeat":"repeat","background-position":"center center","background-size":"auto","background-attachment":"scroll","background-type":"","background-media":"","overlay-type":"","overlay-color":"","overlay-opacity":"","overlay-gradient":""},"tablet":{"background-color":"","background-image":"","background-repeat":"repeat","background-position":"center center","background-size":"auto","background-attachment":"scroll","background-type":"","background-media":"","overlay-type":"","overlay-color":"","overlay-opacity":"","overlay-gradient":""},"mobile":{"background-color":"","background-image":"","background-repeat":"repeat","background-position":"center center","background-size":"auto","background-attachment":"scroll","background-type":"","background-media":"","overlay-type":"","overlay-color":"","overlay-opacity":"","overlay-gradient":""}},"ast-content-background-meta":{"desktop":{"background-color":"var(--ast-global-color-5)","background-image":"","background-repeat":"repeat","background-position":"center center","background-size":"auto","background-attachment":"scroll","background-type":"","background-media":"","overlay-type":"","overlay-color":"","overlay-opacity":"","overlay-gradient":""},"tablet":{"background-color":"var(--ast-global-color-5)","background-image":"","background-repeat":"repeat","background-position":"center center","background-size":"auto","background-attachment":"scroll","background-type":"","background-media":"","overlay-type":"","overlay-color":"","overlay-opacity":"","overlay-gradient":""},"mobile":{"background-color":"var(--ast-global-color-5)","background-image":"","background-repeat":"repeat","background-position":"center center","background-size":"auto","background-attachment":"scroll","background-type":"","background-media":"","overlay-type":"","overlay-color":"","overlay-opacity":"","overlay-gradient":""}},"footnotes":""},"class_list":["post-9733","page","type-page","status-publish","hentry"],"_links":{"self":[{"href":"https:\/\/www.parkinsonysalud.com\/en\/wp-json\/wp\/v2\/pages\/9733","targetHints":{"allow":["GET"]}}],"collection":[{"href":"https:\/\/www.parkinsonysalud.com\/en\/wp-json\/wp\/v2\/pages"}],"about":[{"href":"https:\/\/www.parkinsonysalud.com\/en\/wp-json\/wp\/v2\/types\/page"}],"author":[{"embeddable":true,"href":"https:\/\/www.parkinsonysalud.com\/en\/wp-json\/wp\/v2\/users\/1"}],"replies":[{"embeddable":true,"href":"https:\/\/www.parkinsonysalud.com\/en\/wp-json\/wp\/v2\/comments?post=9733"}],"version-history":[{"count":0,"href":"https:\/\/www.parkinsonysalud.com\/en\/wp-json\/wp\/v2\/pages\/9733\/revisions"}],"wp:attachment":[{"href":"https:\/\/www.parkinsonysalud.com\/en\/wp-json\/wp\/v2\/media?parent=9733"}],"curies":[{"name":"wp","href":"https:\/\/api.w.org\/{rel}","templated":true}]}}